{"id":36,"date":"2024-04-05T09:56:32","date_gmt":"2024-04-05T07:56:32","guid":{"rendered":"https:\/\/www.oerv-aisttal.at\/new\/wordpress\/?page_id=36"},"modified":"2025-06-17T13:35:19","modified_gmt":"2025-06-17T11:35:19","slug":"halle-platz","status":"publish","type":"page","link":"https:\/\/www.oerv-aisttal.at\/new\/wordpress\/halle-platz\/","title":{"rendered":"Halle\/Platz"},"content":{"rendered":"\n<p>Der \u00d6RV HSV Aisttal hat sowohl die M\u00f6glichkeit, auf einem eigenen Freiplatz oder in der eigenen Halle zu trainieren. Somit ist der Trainingsbetrieb das ganze Jahr \u00fcber gesichert. <\/p>\n\n\n\n<p><\/p>\n\n\n\n<p><\/p>\n\n\n\n<p><\/p>\n\n\n\n<div class=\"wp-block-group alignfull has-ti-bg-alt-background-color has-background is-layout-constrained wp-block-group-is-layout-constrained\" style=\"margin-top:0;margin-bottom:0;padding-top:64px;padding-bottom:64px\">\n<div class=\"wp-block-columns alignwide is-layout-flex wp-container-core-columns-is-layout-28232c24 wp-block-columns-is-layout-flex\">\n<div class=\"wp-block-column is-layout-flow wp-block-column-is-layout-flow\" style=\"padding-top:24px;padding-right:24px;padding-bottom:24px;padding-left:24px\">\n<h2 class=\"wp-block-heading\">Die Aisttal-Halle<\/h2>\n\n\n\n<p>Unsere sch\u00f6ne Halle haben wir im Jahr 2022 renoviert und auf eine Trainingsfl\u00e4che von 40&#215;16 erweitert. Sie ist mit den mordernsten Agility Ger\u00e4ten ausgestattet und kann auch ausserhalb der Vereinstrainingszeit jederzeit gemietet werden<\/p>\n\n\n\n<p>Adresse: M\u00fchlenweg 1a, Schwertberg<\/p>\n\n\n\n<figure class=\"wp-block-gallery has-nested-images columns-default is-cropped wp-block-gallery-1 is-layout-flex wp-block-gallery-is-layout-flex\">\n<figure class=\"wp-block-image size-large is-resized\"><img loading=\"lazy\" decoding=\"async\" width=\"724\" height=\"1024\" data-id=\"91\" src=\"https:\/\/www.oerv-aisttal.at\/new\/wordpress\/wp-content\/uploads\/2025\/06\/WhatsApp-Image-2025-05-26-at-08.36.35-1-724x1024.jpeg\" alt=\"\" class=\"wp-image-91\" style=\"width:359px;height:auto\" srcset=\"https:\/\/www.oerv-aisttal.at\/new\/wordpress\/wp-content\/uploads\/2025\/06\/WhatsApp-Image-2025-05-26-at-08.36.35-1-724x1024.jpeg 724w, https:\/\/www.oerv-aisttal.at\/new\/wordpress\/wp-content\/uploads\/2025\/06\/WhatsApp-Image-2025-05-26-at-08.36.35-1-212x300.jpeg 212w, https:\/\/www.oerv-aisttal.at\/new\/wordpress\/wp-content\/uploads\/2025\/06\/WhatsApp-Image-2025-05-26-at-08.36.35-1-768x1086.jpeg 768w, https:\/\/www.oerv-aisttal.at\/new\/wordpress\/wp-content\/uploads\/2025\/06\/WhatsApp-Image-2025-05-26-at-08.36.35-1-1086x1536.jpeg 1086w, https:\/\/www.oerv-aisttal.at\/new\/wordpress\/wp-content\/uploads\/2025\/06\/WhatsApp-Image-2025-05-26-at-08.36.35-1.jpeg 1131w\" sizes=\"auto, (max-width: 724px) 100vw, 724px\" \/><\/figure>\n\n\n\n<figure class=\"wp-block-image size-large is-resized\"><img loading=\"lazy\" decoding=\"async\" width=\"768\" height=\"1024\" data-id=\"86\" src=\"https:\/\/www.oerv-aisttal.at\/new\/wordpress\/wp-content\/uploads\/2025\/06\/2025-04-22-11.52.54-768x1024.jpg\" alt=\"\" class=\"wp-image-86\" style=\"width:352px;height:auto\" srcset=\"https:\/\/www.oerv-aisttal.at\/new\/wordpress\/wp-content\/uploads\/2025\/06\/2025-04-22-11.52.54-768x1024.jpg 768w, https:\/\/www.oerv-aisttal.at\/new\/wordpress\/wp-content\/uploads\/2025\/06\/2025-04-22-11.52.54-225x300.jpg 225w, https:\/\/www.oerv-aisttal.at\/new\/wordpress\/wp-content\/uploads\/2025\/06\/2025-04-22-11.52.54-1152x1536.jpg 1152w, https:\/\/www.oerv-aisttal.at\/new\/wordpress\/wp-content\/uploads\/2025\/06\/2025-04-22-11.52.54-1536x2048.jpg 1536w, https:\/\/www.oerv-aisttal.at\/new\/wordpress\/wp-content\/uploads\/2025\/06\/2025-04-22-11.52.54-scaled.jpg 1920w\" sizes=\"auto, (max-width: 768px) 100vw, 768px\" \/><\/figure>\n\n\n\n<figure class=\"wp-block-image size-large is-resized\"><img loading=\"lazy\" decoding=\"async\" width=\"724\" height=\"1024\" data-id=\"83\" src=\"https:\/\/www.oerv-aisttal.at\/new\/wordpress\/wp-content\/uploads\/2025\/06\/WhatsApp-Image-2025-05-26-at-08.22.59-724x1024.jpeg\" alt=\"\" class=\"wp-image-83\" style=\"width:354px;height:auto\" srcset=\"https:\/\/www.oerv-aisttal.at\/new\/wordpress\/wp-content\/uploads\/2025\/06\/WhatsApp-Image-2025-05-26-at-08.22.59-724x1024.jpeg 724w, https:\/\/www.oerv-aisttal.at\/new\/wordpress\/wp-content\/uploads\/2025\/06\/WhatsApp-Image-2025-05-26-at-08.22.59-212x300.jpeg 212w, https:\/\/www.oerv-aisttal.at\/new\/wordpress\/wp-content\/uploads\/2025\/06\/WhatsApp-Image-2025-05-26-at-08.22.59-768x1086.jpeg 768w, https:\/\/www.oerv-aisttal.at\/new\/wordpress\/wp-content\/uploads\/2025\/06\/WhatsApp-Image-2025-05-26-at-08.22.59-1086x1536.jpeg 1086w, https:\/\/www.oerv-aisttal.at\/new\/wordpress\/wp-content\/uploads\/2025\/06\/WhatsApp-Image-2025-05-26-at-08.22.59.jpeg 1131w\" sizes=\"auto, (max-width: 724px) 100vw, 724px\" \/><\/figure>\n<\/figure>\n<\/div>\n<\/div>\n<\/div>\n\n\n\n<div class=\"wp-block-group alignfull is-layout-constrained wp-block-group-is-layout-constrained\" style=\"margin-top:0;margin-bottom:0;padding-top:64px;padding-bottom:64px\">\n<div class=\"wp-block-columns alignwide is-layout-flex wp-container-core-columns-is-layout-28232c24 wp-block-columns-is-layout-flex\">\n<div class=\"wp-block-column is-layout-flow wp-block-column-is-layout-flow\">\n<figure class=\"wp-block-image size-full\"><img loading=\"lazy\" decoding=\"async\" width=\"400\" height=\"300\" src=\"https:\/\/www.oerv-aisttal.at\/new\/wordpress\/wp-content\/uploads\/2024\/04\/slider3-400x300-1.jpg\" alt=\"\" class=\"wp-image-39\" srcset=\"https:\/\/www.oerv-aisttal.at\/new\/wordpress\/wp-content\/uploads\/2024\/04\/slider3-400x300-1.jpg 400w, https:\/\/www.oerv-aisttal.at\/new\/wordpress\/wp-content\/uploads\/2024\/04\/slider3-400x300-1-300x225.jpg 300w\" sizes=\"auto, (max-width: 400px) 100vw, 400px\" \/><\/figure>\n<\/div>\n\n\n\n<div class=\"wp-block-column is-vertically-aligned-center is-layout-flow wp-block-column-is-layout-flow\" style=\"padding-top:24px;padding-right:24px;padding-bottom:24px;padding-left:24px\">\n<h2 class=\"wp-block-heading\">Der Freiplatz<\/h2>\n\n\n\n<p>In den Sommermonaten trainieren wir immer auf unserem Freiplatz, der durch seine schattige Lage auch im Hochsommer Trainings erm\u00f6glicht<\/p>\n<\/div>\n<\/div>\n<\/div>\n","protected":false},"excerpt":{"rendered":"<p>Der \u00d6RV HSV Aisttal hat sowohl die M\u00f6glichkeit, auf einem eigenen Freiplatz oder in der eigenen Halle zu trainieren. Somit ist der Trainingsbetrieb das ganze Jahr \u00fcber gesichert. Die Aisttal-Halle Unsere sch\u00f6ne Halle haben wir im Jahr 2022 renoviert und auf eine Trainingsfl\u00e4che von 40&#215;16 erweitert. Sie ist mit den mordernsten Agility Ger\u00e4ten ausgestattet und [&hellip;]<\/p>\n","protected":false},"author":1,"featured_media":0,"parent":0,"menu_order":0,"comment_status":"closed","ping_status":"closed","template":"","meta":{"footnotes":""},"class_list":["post-36","page","type-page","status-publish","hentry"],"_links":{"self":[{"href":"https:\/\/www.oerv-aisttal.at\/new\/wordpress\/wp-json\/wp\/v2\/pages\/36","targetHints":{"allow":["GET"]}}],"collection":[{"href":"https:\/\/www.oerv-aisttal.at\/new\/wordpress\/wp-json\/wp\/v2\/pages"}],"about":[{"href":"https:\/\/www.oerv-aisttal.at\/new\/wordpress\/wp-json\/wp\/v2\/types\/page"}],"author":[{"embeddable":true,"href":"https:\/\/www.oerv-aisttal.at\/new\/wordpress\/wp-json\/wp\/v2\/users\/1"}],"replies":[{"embeddable":true,"href":"https:\/\/www.oerv-aisttal.at\/new\/wordpress\/wp-json\/wp\/v2\/comments?post=36"}],"version-history":[{"count":9,"href":"https:\/\/www.oerv-aisttal.at\/new\/wordpress\/wp-json\/wp\/v2\/pages\/36\/revisions"}],"predecessor-version":[{"id":92,"href":"https:\/\/www.oerv-aisttal.at\/new\/wordpress\/wp-json\/wp\/v2\/pages\/36\/revisions\/92"}],"wp:attachment":[{"href":"https:\/\/www.oerv-aisttal.at\/new\/wordpress\/wp-json\/wp\/v2\/media?parent=36"}],"curies":[{"name":"wp","href":"https:\/\/api.w.org\/{rel}","templated":true}]}}