{"id":17,"date":"2024-04-05T09:29:34","date_gmt":"2024-04-05T07:29:34","guid":{"rendered":"http:\/\/www.oerv-aisttal.at\/new\/wordpress\/?page_id=17"},"modified":"2025-06-17T13:17:49","modified_gmt":"2025-06-17T11:17:49","slug":"ueber-uns","status":"publish","type":"page","link":"http:\/\/www.oerv-aisttal.at\/new\/wordpress\/ueber-uns\/","title":{"rendered":"\u00dcber uns"},"content":{"rendered":"\n<div class=\"wp-block-group is-layout-constrained wp-block-group-is-layout-constrained\">\n<div class=\"wp-block-group alignfull has-ti-bg-alt-background-color has-background is-content-justification-center is-layout-constrained wp-container-core-group-is-layout-1313c73e wp-block-group-is-layout-constrained\" style=\"margin-top:0px;margin-bottom:0px;padding-top:64px;padding-bottom:64px\">\n<div class=\"wp-block-group is-content-justification-left is-layout-constrained wp-container-core-group-is-layout-0effa23f wp-block-group-is-layout-constrained\" style=\"border-radius:5px\">\n<h2 class=\"wp-block-heading has-text-align-center\">Die Trainer<\/h2>\n\n\n\n<p class=\"has-text-align-center has-medium-font-size\">Unseren Mitgliedern stehen erstklassige, gepr\u00fcfte Trainer mit langj\u00e4hriger Erfahrung zur Verf\u00fcgung<\/p>\n<\/div>\n\n\n\n<div class=\"wp-block-group alignwide is-layout-flow wp-block-group-is-layout-flow\">\n<div class=\"wp-block-columns are-vertically-aligned-top is-layout-flex wp-container-core-columns-is-layout-e0dca8c8 wp-block-columns-is-layout-flex\">\n<div class=\"wp-block-column is-vertically-aligned-top is-layout-flow wp-container-core-column-is-layout-47e5a185 wp-block-column-is-layout-flow\">\n<div class=\"wp-block-group has-ti-bg-background-color has-background is-layout-constrained wp-container-core-group-is-layout-b4854629 wp-block-group-is-layout-constrained\" style=\"padding-top:24px;padding-right:24px;padding-bottom:24px;padding-left:24px\">\n<figure class=\"wp-block-image aligncenter size-full is-resized is-style-rounded\"><img loading=\"lazy\" decoding=\"async\" width=\"100\" height=\"100\" src=\"http:\/\/www.oerv-aisttal.at\/new\/wordpress\/wp-content\/uploads\/2024\/04\/BEATE-100x100-1.png\" alt=\"\" class=\"wp-image-23\" style=\"width:100px\"\/><\/figure>\n\n\n\n<h3 class=\"wp-block-heading has-text-align-center has-medium-font-size\">Beate Mascherbauer-Scherrer<\/h3>\n\n\n\n<p class=\"has-text-align-center has-small-font-size\" style=\"text-transform:capitalize\">Agility<\/p>\n\n\n\n<p class=\"has-text-align-center\"><\/p>\n<\/div>\n<\/div>\n\n\n\n<div class=\"wp-block-column is-vertically-aligned-top is-layout-flow wp-block-column-is-layout-flow\">\n<div class=\"wp-block-group is-content-justification-left is-layout-constrained wp-container-core-group-is-layout-12dd3699 wp-block-group-is-layout-constrained\" style=\"border-radius:5px\">\n<div class=\"wp-block-group has-ti-bg-background-color has-background is-layout-constrained wp-container-core-group-is-layout-b4854629 wp-block-group-is-layout-constrained\" style=\"padding-top:24px;padding-right:24px;padding-bottom:24px;padding-left:24px\">\n<figure class=\"wp-block-image aligncenter size-full is-resized is-style-rounded\"><img loading=\"lazy\" decoding=\"async\" width=\"100\" height=\"100\" src=\"http:\/\/www.oerv-aisttal.at\/new\/wordpress\/wp-content\/uploads\/2024\/04\/nina-100x100-1.png\" alt=\"\" class=\"wp-image-24\" style=\"width:100px\"\/><\/figure>\n\n\n\n<h3 class=\"wp-block-heading has-text-align-center has-medium-font-size\">Nina Pilsl<\/h3>\n\n\n\n<p class=\"has-text-align-center has-small-font-size\" style=\"text-transform:capitalize\">Agility<\/p>\n\n\n\n<p class=\"has-text-align-center\"><\/p>\n<\/div>\n\n\n\n<div class=\"wp-block-group has-ti-bg-background-color has-background is-layout-constrained wp-container-core-group-is-layout-b4854629 wp-block-group-is-layout-constrained\" style=\"padding-top:24px;padding-right:24px;padding-bottom:24px;padding-left:24px\">\n<figure class=\"wp-block-image aligncenter size-full is-resized is-style-rounded\"><img loading=\"lazy\" decoding=\"async\" width=\"100\" height=\"100\" src=\"http:\/\/www.oerv-aisttal.at\/new\/wordpress\/wp-content\/uploads\/2024\/04\/JODA-100x100-1.png\" alt=\"\" class=\"wp-image-25\" style=\"width:100px\"\/><\/figure>\n\n\n\n<h3 class=\"wp-block-heading has-text-align-center has-medium-font-size\">Josef Bauer<\/h3>\n\n\n\n<p class=\"has-text-align-center has-small-font-size\" style=\"text-transform:capitalize\">Unterordnung<\/p>\n\n\n\n<p class=\"has-text-align-center\"><\/p>\n<\/div>\n<\/div>\n<\/div>\n\n\n\n<div class=\"wp-block-column is-vertically-aligned-top is-layout-flow wp-block-column-is-layout-flow\">\n<div class=\"wp-block-group is-content-justification-left is-layout-constrained wp-container-core-group-is-layout-12dd3699 wp-block-group-is-layout-constrained\" style=\"border-radius:5px\">\n<div class=\"wp-block-group has-ti-bg-background-color has-background is-layout-constrained wp-container-core-group-is-layout-b4854629 wp-block-group-is-layout-constrained\" style=\"padding-top:24px;padding-right:24px;padding-bottom:24px;padding-left:24px\">\n<figure class=\"wp-block-image aligncenter size-full is-resized is-style-rounded wp-duotone-unset-1\"><img loading=\"lazy\" decoding=\"async\" width=\"640\" height=\"640\" src=\"https:\/\/www.oerv-aisttal.at\/new\/wordpress\/wp-content\/uploads\/2024\/04\/me.jpg\" alt=\"\" class=\"wp-image-50\" style=\"width:100px;height:100px\" srcset=\"http:\/\/www.oerv-aisttal.at\/new\/wordpress\/wp-content\/uploads\/2024\/04\/me.jpg 640w, http:\/\/www.oerv-aisttal.at\/new\/wordpress\/wp-content\/uploads\/2024\/04\/me-300x300.jpg 300w, http:\/\/www.oerv-aisttal.at\/new\/wordpress\/wp-content\/uploads\/2024\/04\/me-150x150.jpg 150w\" sizes=\"auto, (max-width: 640px) 100vw, 640px\" \/><\/figure>\n\n\n\n<h3 class=\"wp-block-heading has-text-align-center has-medium-font-size\">Thomas Gahleitner<\/h3>\n\n\n\n<p class=\"has-text-align-center has-small-font-size\" style=\"text-transform:capitalize\">Agility<\/p>\n\n\n\n<p class=\"has-text-align-center\"><\/p>\n<\/div>\n<\/div>\n<\/div>\n<\/div>\n<\/div>\n<\/div>\n<\/div>\n\n\n\n<div class=\"wp-block-columns is-layout-flex wp-container-core-columns-is-layout-28f84493 wp-block-columns-is-layout-flex\">\n<div class=\"wp-block-column is-layout-flow wp-block-column-is-layout-flow\" style=\"flex-basis:100%\">\n<div class=\"wp-block-group alignfull has-ti-bg-alt-background-color has-background is-layout-constrained wp-container-core-group-is-layout-4b87db4f wp-block-group-is-layout-constrained\" style=\"margin-top:0px;margin-bottom:0px;padding-top:64px;padding-bottom:64px\">\n<div class=\"wp-block-group is-content-justification-left is-layout-constrained wp-container-core-group-is-layout-0effa23f wp-block-group-is-layout-constrained\" style=\"border-radius:5px\">\n<h2 class=\"wp-block-heading has-text-align-center\">Der Vorstand<\/h2>\n<\/div>\n\n\n\n<p>Der \u00d6RV HSV Aisttal besteht seit dem 1. Mai 2008 mit Sitz in Lina 17, 4311 Schwertberg. Er ist Vollmitglied des \u00d6KV&nbsp;und der FCI und &nbsp;Anschlussmitglied der BSO. Seit der Gr\u00fcndung des Vereins verfolgen wir das Ziel der Verwirklichung&nbsp;einer gesunden MenschHundBeziehung&nbsp;als Basis f\u00fcr herausragende sportliche Leistungen im Bereich Agility. Agility&nbsp;verlangt nach einem hohen Ma\u00df an partnerschaftlichem Denken, Vertrauen und Disziplin und ist ein aktives Hobby,&nbsp;das Hundef\u00fchrer und Vierbeiner gleicherma\u00dfen fordert. Bei der Ausbildung unserer Vereinsmitglieder setzen wir ganz&nbsp;bewusst auf Qualit\u00e4t statt auf Quantit\u00e4t und eine gezielte Jugendarbeit und \u2013f\u00f6rderung. Wir bem\u00fchen uns dabei nach&nbsp;Kr\u00e4ften, den n\u00f6tigen Rahmen f\u00fcr ein konstruktives und sicheres Training zu schaffen. Wir sind stolz auf unsere&nbsp;Mitglieder und deren nationale wie auch internationale&nbsp;<a href=\"http:\/\/www.oerv-aisttal.at\/index2.php\/agility\/erfolge\/\">Erfolge<\/a>.<\/p>\n\n\n\n<div class=\"wp-block-group alignwide is-layout-flow wp-block-group-is-layout-flow\">\n<div class=\"wp-block-columns are-vertically-aligned-top is-layout-flex wp-container-core-columns-is-layout-e0dca8c8 wp-block-columns-is-layout-flex\">\n<div class=\"wp-block-column is-vertically-aligned-top is-layout-flow wp-container-core-column-is-layout-47e5a185 wp-block-column-is-layout-flow\">\n<div class=\"wp-block-group is-layout-constrained wp-block-group-is-layout-constrained\">\n<div class=\"wp-block-group has-ti-bg-background-color has-background is-layout-constrained wp-container-core-group-is-layout-b4854629 wp-block-group-is-layout-constrained\" style=\"padding-top:24px;padding-right:24px;padding-bottom:24px;padding-left:24px\">\n<figure class=\"wp-block-image aligncenter size-full is-resized is-style-rounded\"><img loading=\"lazy\" decoding=\"async\" width=\"100\" height=\"100\" src=\"http:\/\/www.oerv-aisttal.at\/new\/wordpress\/wp-content\/uploads\/2024\/04\/BEATE-100x100-1.png\" alt=\"\" class=\"wp-image-23\" style=\"width:100px\"\/><\/figure>\n\n\n\n<h3 class=\"wp-block-heading has-text-align-center has-normal-font-size\">Beate Mascherbauer-Scherrer<\/h3>\n\n\n\n<p class=\"has-text-align-center has-small-font-size\" style=\"text-transform:capitalize\">Obfrau<\/p>\n<\/div>\n\n\n\n<div class=\"wp-block-group has-ti-bg-background-color has-background is-layout-constrained wp-container-core-group-is-layout-b4854629 wp-block-group-is-layout-constrained\" style=\"padding-top:24px;padding-right:24px;padding-bottom:24px;padding-left:24px\">\n<figure class=\"wp-block-image aligncenter size-full is-resized is-style-rounded wp-duotone-unset-2\"><img loading=\"lazy\" decoding=\"async\" width=\"640\" height=\"640\" src=\"https:\/\/www.oerv-aisttal.at\/new\/wordpress\/wp-content\/uploads\/2024\/04\/me-1.jpg\" alt=\"\" class=\"wp-image-52\" style=\"width:100px\" srcset=\"http:\/\/www.oerv-aisttal.at\/new\/wordpress\/wp-content\/uploads\/2024\/04\/me-1.jpg 640w, http:\/\/www.oerv-aisttal.at\/new\/wordpress\/wp-content\/uploads\/2024\/04\/me-1-300x300.jpg 300w, http:\/\/www.oerv-aisttal.at\/new\/wordpress\/wp-content\/uploads\/2024\/04\/me-1-150x150.jpg 150w\" sizes=\"auto, (max-width: 640px) 100vw, 640px\" \/><\/figure>\n\n\n\n<h3 class=\"wp-block-heading has-text-align-center has-normal-font-size\">Thomas Gahleitner<\/h3>\n\n\n\n<p class=\"has-text-align-center has-small-font-size\" style=\"text-transform:capitalize\">Kassier Stv.<\/p>\n<\/div>\n<\/div>\n<\/div>\n\n\n\n<div class=\"wp-block-column is-vertically-aligned-top is-layout-flow wp-block-column-is-layout-flow\">\n<div class=\"wp-block-group is-content-justification-left is-layout-constrained wp-container-core-group-is-layout-12dd3699 wp-block-group-is-layout-constrained\" style=\"border-radius:5px\">\n<div class=\"wp-block-group has-ti-bg-background-color has-background is-layout-constrained wp-container-core-group-is-layout-b4854629 wp-block-group-is-layout-constrained\" style=\"padding-top:24px;padding-right:24px;padding-bottom:24px;padding-left:24px\">\n<figure class=\"wp-block-image aligncenter size-full is-resized is-style-rounded wp-duotone-dark-grayscale\"><img loading=\"lazy\" decoding=\"async\" width=\"74\" height=\"75\" src=\"http:\/\/www.oerv-aisttal.at\/new\/wordpress\/wp-content\/uploads\/2024\/04\/aisttal.png\" alt=\"\" class=\"wp-image-15\" style=\"width:100px;height:100px\"\/><\/figure>\n\n\n\n<h3 class=\"wp-block-heading has-text-align-center has-normal-font-size\">Helmut Paulik<\/h3>\n\n\n\n<p class=\"has-text-align-center has-small-font-size\" style=\"text-transform:capitalize\">Obfrau Stv.<\/p>\n<\/div>\n\n\n\n<div class=\"wp-block-group has-ti-bg-background-color has-background is-layout-constrained wp-container-core-group-is-layout-b4854629 wp-block-group-is-layout-constrained\" style=\"padding-top:24px;padding-right:24px;padding-bottom:24px;padding-left:24px\">\n<figure class=\"wp-block-image aligncenter size-full is-resized is-style-rounded wp-duotone-unset-3\"><img loading=\"lazy\" decoding=\"async\" width=\"1920\" height=\"2560\" src=\"https:\/\/www.oerv-aisttal.at\/new\/wordpress\/wp-content\/uploads\/2024\/04\/Maria1-scaled.jpg\" alt=\"\" class=\"wp-image-55\" style=\"width:80px;height:auto\" srcset=\"http:\/\/www.oerv-aisttal.at\/new\/wordpress\/wp-content\/uploads\/2024\/04\/Maria1-scaled.jpg 1920w, http:\/\/www.oerv-aisttal.at\/new\/wordpress\/wp-content\/uploads\/2024\/04\/Maria1-225x300.jpg 225w, http:\/\/www.oerv-aisttal.at\/new\/wordpress\/wp-content\/uploads\/2024\/04\/Maria1-768x1024.jpg 768w, http:\/\/www.oerv-aisttal.at\/new\/wordpress\/wp-content\/uploads\/2024\/04\/Maria1-1152x1536.jpg 1152w, http:\/\/www.oerv-aisttal.at\/new\/wordpress\/wp-content\/uploads\/2024\/04\/Maria1-1536x2048.jpg 1536w\" sizes=\"auto, (max-width: 1920px) 100vw, 1920px\" \/><\/figure>\n\n\n\n<h3 class=\"wp-block-heading has-text-align-center has-normal-font-size\">Maria Wieser<\/h3>\n\n\n\n<p class=\"has-text-align-center has-small-font-size\" style=\"text-transform:capitalize\">Schriftf\u00fchrer<\/p>\n<\/div>\n<\/div>\n<\/div>\n\n\n\n<div class=\"wp-block-column is-vertically-aligned-top is-layout-flow wp-block-column-is-layout-flow\">\n<div class=\"wp-block-group is-content-justification-left is-layout-constrained wp-container-core-group-is-layout-12dd3699 wp-block-group-is-layout-constrained\" style=\"border-radius:5px\">\n<div class=\"wp-block-group has-ti-bg-background-color has-background is-layout-constrained wp-container-core-group-is-layout-b4854629 wp-block-group-is-layout-constrained\" style=\"padding-top:24px;padding-right:24px;padding-bottom:24px;padding-left:24px\">\n<figure class=\"wp-block-image aligncenter size-full is-resized is-style-rounded wp-duotone-dark-grayscale\"><img loading=\"lazy\" decoding=\"async\" width=\"74\" height=\"75\" src=\"http:\/\/www.oerv-aisttal.at\/new\/wordpress\/wp-content\/uploads\/2024\/04\/aisttal.png\" alt=\"\" class=\"wp-image-15\" style=\"width:100px;height:100px\"\/><\/figure>\n\n\n\n<h3 class=\"wp-block-heading has-text-align-center has-normal-font-size\">Stefanie Wieser<\/h3>\n\n\n\n<p class=\"has-text-align-center has-small-font-size\" style=\"text-transform:capitalize\">Kassier<\/p>\n<\/div>\n\n\n\n<div class=\"wp-block-group has-ti-bg-background-color has-background is-layout-constrained wp-container-core-group-is-layout-b4854629 wp-block-group-is-layout-constrained\" style=\"padding-top:24px;padding-right:24px;padding-bottom:24px;padding-left:24px\">\n<figure class=\"wp-block-image aligncenter size-full is-resized is-style-rounded wp-duotone-unset-4\"><img loading=\"lazy\" decoding=\"async\" width=\"2293\" height=\"2560\" src=\"https:\/\/www.oerv-aisttal.at\/new\/wordpress\/wp-content\/uploads\/2024\/04\/rocky-308-scaled.jpg\" alt=\"\" class=\"wp-image-57\" style=\"width:100px;height:100px\" srcset=\"http:\/\/www.oerv-aisttal.at\/new\/wordpress\/wp-content\/uploads\/2024\/04\/rocky-308-scaled.jpg 2293w, http:\/\/www.oerv-aisttal.at\/new\/wordpress\/wp-content\/uploads\/2024\/04\/rocky-308-269x300.jpg 269w, http:\/\/www.oerv-aisttal.at\/new\/wordpress\/wp-content\/uploads\/2024\/04\/rocky-308-917x1024.jpg 917w, http:\/\/www.oerv-aisttal.at\/new\/wordpress\/wp-content\/uploads\/2024\/04\/rocky-308-768x857.jpg 768w, http:\/\/www.oerv-aisttal.at\/new\/wordpress\/wp-content\/uploads\/2024\/04\/rocky-308-1376x1536.jpg 1376w, http:\/\/www.oerv-aisttal.at\/new\/wordpress\/wp-content\/uploads\/2024\/04\/rocky-308-1834x2048.jpg 1834w\" sizes=\"auto, (max-width: 2293px) 100vw, 2293px\" \/><\/figure>\n\n\n\n<h3 class=\"wp-block-heading has-text-align-center has-normal-font-size\">Herbert Rockenschaub<\/h3>\n\n\n\n<p class=\"has-text-align-center has-small-font-size\" style=\"text-transform:capitalize\">Schriftf\u00fchrer Stv.<\/p>\n<\/div>\n<\/div>\n<\/div>\n<\/div>\n<\/div>\n<\/div>\n<\/div>\n<\/div>\n","protected":false},"excerpt":{"rendered":"<p>Die Trainer Unseren Mitgliedern stehen erstklassige, gepr\u00fcfte Trainer mit langj\u00e4hriger Erfahrung zur Verf\u00fcgung Beate Mascherbauer-Scherrer Agility Nina Pilsl Agility Josef Bauer Unterordnung Thomas Gahleitner Agility Der Vorstand Der \u00d6RV HSV Aisttal besteht seit dem 1. Mai 2008 mit Sitz in Lina 17, 4311 Schwertberg. Er ist Vollmitglied des \u00d6KV&nbsp;und der FCI und &nbsp;Anschlussmitglied der BSO. [&hellip;]<\/p>\n","protected":false},"author":1,"featured_media":0,"parent":0,"menu_order":0,"comment_status":"closed","ping_status":"closed","template":"","meta":{"footnotes":""},"class_list":["post-17","page","type-page","status-publish","hentry"],"_links":{"self":[{"href":"http:\/\/www.oerv-aisttal.at\/new\/wordpress\/wp-json\/wp\/v2\/pages\/17","targetHints":{"allow":["GET"]}}],"collection":[{"href":"http:\/\/www.oerv-aisttal.at\/new\/wordpress\/wp-json\/wp\/v2\/pages"}],"about":[{"href":"http:\/\/www.oerv-aisttal.at\/new\/wordpress\/wp-json\/wp\/v2\/types\/page"}],"author":[{"embeddable":true,"href":"http:\/\/www.oerv-aisttal.at\/new\/wordpress\/wp-json\/wp\/v2\/users\/1"}],"replies":[{"embeddable":true,"href":"http:\/\/www.oerv-aisttal.at\/new\/wordpress\/wp-json\/wp\/v2\/comments?post=17"}],"version-history":[{"count":12,"href":"http:\/\/www.oerv-aisttal.at\/new\/wordpress\/wp-json\/wp\/v2\/pages\/17\/revisions"}],"predecessor-version":[{"id":81,"href":"http:\/\/www.oerv-aisttal.at\/new\/wordpress\/wp-json\/wp\/v2\/pages\/17\/revisions\/81"}],"wp:attachment":[{"href":"http:\/\/www.oerv-aisttal.at\/new\/wordpress\/wp-json\/wp\/v2\/media?parent=17"}],"curies":[{"name":"wp","href":"https:\/\/api.w.org\/{rel}","templated":true}]}}